{"id":1476,"date":"2025-07-10T12:34:18","date_gmt":"2025-07-10T10:34:18","guid":{"rendered":"https:\/\/inscriptions.cu-maghnia.dz\/?page_id=1476"},"modified":"2025-07-30T19:49:31","modified_gmt":"2025-07-30T17:49:31","slug":"what-is-your-level-of-english-ceil","status":"publish","type":"page","link":"https:\/\/inscriptions.cu-maghnia.dz\/ar\/what-is-your-level-of-english-ceil\/","title":{"rendered":"D\u00e9terminer votre niveau en anglais"},"content":{"rendered":"<div data-elementor-type=\"wp-page\" data-elementor-id=\"1476\" class=\"elementor elementor-1476\">\n\t\t\t\t<div class=\"elementor-element elementor-element-6e450b71 e-flex e-con-boxed wpr-particle-no wpr-jarallax-no wpr-parallax-no wpr-sticky-section-no e-con e-parent\" data-id=\"6e450b71\" data-element_type=\"container\">\n\t\t\t\t\t<div class=\"e-con-inner\">\n\t\t\t\t<div class=\"elementor-element elementor-element-600bbda6 elementor-widget elementor-widget-page-title\" data-id=\"600bbda6\" data-element_type=\"widget\" data-settings=\"{&quot;align&quot;:&quot;center&quot;}\" data-widget_type=\"page-title.default\">\n\t\t\t\t<div class=\"elementor-widget-container\">\n\t\t\t\t\t\t\t\n\t\t<div class=\"hfe-page-title hfe-page-title-wrapper elementor-widget-heading\">\n\n\t\t\t\t\t\t\t\t<h2 class=\"elementor-heading-title elementor-size-default\">\n\t\t\t\t\t\t\t\t\n\t\t\t\tD\u00e9terminer votre niveau en anglais  \n\t\t\t<\/h2> \n\t\t\t\t\t<\/div>\n\t\t\t\t\t\t<\/div>\n\t\t\t\t<\/div>\n\t\t\t\t\t<\/div>\n\t\t\t\t<\/div>\n\t\t<div class=\"elementor-element elementor-element-3026816a e-flex e-con-boxed wpr-particle-no wpr-jarallax-no wpr-parallax-no wpr-sticky-section-no e-con e-parent\" data-id=\"3026816a\" data-element_type=\"container\">\n\t\t\t\t\t<div class=\"e-con-inner\">\n\t\t<div class=\"elementor-element elementor-element-86e77c0 e-grid e-con-full wpr-particle-no wpr-jarallax-no wpr-parallax-no wpr-sticky-section-no e-con e-child\" data-id=\"86e77c0\" data-element_type=\"container\">\n\t\t\t\t<div class=\"elementor-element elementor-element-5510b05 elementor-view-default elementor-widget elementor-widget-icon\" data-id=\"5510b05\" data-element_type=\"widget\" data-widget_type=\"icon.default\">\n\t\t\t\t<div class=\"elementor-widget-container\">\n\t\t\t\t\t\t\t<div class=\"elementor-icon-wrapper\">\n\t\t\t<div class=\"elementor-icon\">\n\t\t\t<svg aria-hidden=\"true\" class=\"e-font-icon-svg e-fas-exclamation-triangle\" viewbox=\"0 0 576 512\" xmlns=\"http:\/\/www.w3.org\/2000\/svg\"><path d=\"M569.517 440.013C587.975 472.007 564.806 512 527.94 512H48.054c-36.937 0-59.999-40.055-41.577-71.987L246.423 23.985c18.467-32.009 64.72-31.951 83.154 0l239.94 416.028zM288 354c-25.405 0-46 20.595-46 46s20.595 46 46 46 46-20.595 46-46-20.595-46-46-46zm-43.673-165.346l7.418 136c.347 6.364 5.609 11.346 11.982 11.346h48.546c6.373 0 11.635-4.982 11.982-11.346l7.418-136c.375-6.874-5.098-12.654-11.982-12.654h-63.383c-6.884 0-12.356 5.78-11.981 12.654z\"><\/path><\/svg>\t\t\t<\/div>\n\t\t<\/div>\n\t\t\t\t\t\t<\/div>\n\t\t\t\t<\/div>\n\t\t\t\t<div class=\"elementor-element elementor-element-b0a62f1 elementor-widget elementor-widget-text-editor\" data-id=\"b0a62f1\" data-element_type=\"widget\" data-widget_type=\"text-editor.default\">\n\t\t\t\t<div class=\"elementor-widget-container\">\n\t\t\t\t\t\t\t\t\t<p data-start=\"84\" data-end=\"104\">Cher \u00e9tudiant, merci d\u2019avoir r\u00e9pondu \u00e0 toutes les questions de ce test. Vos r\u00e9ponses nous aideront \u00e0 \u00e9valuer votre niveau de connaissances. N\u2019oubliez pas qu\u2019il s\u2019agit simplement d\u2019un outil destin\u00e9 \u00e0 mieux comprendre vos comp\u00e9tences actuelles.<\/p>\t\t\t\t\t\t\t\t<\/div>\n\t\t\t\t<\/div>\n\t\t\t\t<\/div>\n\t\t\t\t<div class=\"elementor-element elementor-element-21e21791 elementor-widget elementor-widget-shortcode\" data-id=\"21e21791\" data-element_type=\"widget\" data-widget_type=\"shortcode.default\">\n\t\t\t\t<div class=\"elementor-widget-container\">\n\t\t\t\t\t\t\t<div class=\"elementor-shortcode\"><div id=\"forminator-quiz-leads-1467\" class=\"forminator-ui forminator-quiz-leads forminator-quiz--list\" data-design=\"default\" data-color-option=\"default\" data-spacing=\"&quot;default&quot;\" data-alignment=\"&quot;center&quot;\"><\/div><\/div>\n\t\t\t\t\t\t<\/div>\n\t\t\t\t<\/div>\n\t\t\t\t\t<\/div>\n\t\t\t\t<\/div>\n\t\t\t\t<\/div>","protected":false},"excerpt":{"rendered":"<p>D\u00e9terminer votre niveau en anglais Cher \u00e9tudiant, merci d\u2019avoir r\u00e9pondu \u00e0 toutes les questions de ce test. Vos r\u00e9ponses nous aideront \u00e0 \u00e9valuer votre niveau de connaissances. N\u2019oubliez pas qu\u2019il s\u2019agit simplement d\u2019un outil destin\u00e9 \u00e0 mieux comprendre vos comp\u00e9tences actuelles.<\/p>","protected":false},"author":1,"featured_media":0,"parent":0,"menu_order":0,"comment_status":"closed","ping_status":"closed","template":"","meta":{"_eb_attr":"","_EventAllDay":false,"_EventTimezone":"","_EventStartDate":"","_EventEndDate":"","_EventStartDateUTC":"","_EventEndDateUTC":"","_EventShowMap":false,"_EventShowMapLink":false,"_EventURL":"","_EventCost":"","_EventCostDescription":"","_EventCurrencySymbol":"","_EventCurrencyCode":"","_EventCurrencyPosition":"","_EventDateTimeSeparator":"","_EventTimeRangeSeparator":"","_EventOrganizerID":[],"_EventVenueID":[],"_OrganizerEmail":"","_OrganizerPhone":"","_OrganizerWebsite":"","_VenueAddress":"","_VenueCity":"","_VenueCountry":"","_VenueProvince":"","_VenueState":"","_VenueZip":"","_VenuePhone":"","_VenueURL":"","_VenueStateProvince":"","_VenueLat":"","_VenueLng":"","_VenueShowMap":false,"_VenueShowMapLink":false,"_kadence_starter_templates_imported_post":false,"_kad_post_transparent":"","_kad_post_title":"hide","_kad_post_layout":"fullwidth","_kad_post_sidebar_id":"","_kad_post_content_style":"unboxed","_kad_post_vertical_padding":"hide","_kad_post_feature":"hide","_kad_post_feature_position":"","_kad_post_header":false,"_kad_post_footer":false,"_kad_post_classname":"","footnotes":""},"class_list":["post-1476","page","type-page","status-publish","hentry"],"_links":{"self":[{"href":"https:\/\/inscriptions.cu-maghnia.dz\/ar\/wp-json\/wp\/v2\/pages\/1476","targetHints":{"allow":["GET"]}}],"collection":[{"href":"https:\/\/inscriptions.cu-maghnia.dz\/ar\/wp-json\/wp\/v2\/pages"}],"about":[{"href":"https:\/\/inscriptions.cu-maghnia.dz\/ar\/wp-json\/wp\/v2\/types\/page"}],"author":[{"embeddable":true,"href":"https:\/\/inscriptions.cu-maghnia.dz\/ar\/wp-json\/wp\/v2\/users\/1"}],"replies":[{"embeddable":true,"href":"https:\/\/inscriptions.cu-maghnia.dz\/ar\/wp-json\/wp\/v2\/comments?post=1476"}],"version-history":[{"count":29,"href":"https:\/\/inscriptions.cu-maghnia.dz\/ar\/wp-json\/wp\/v2\/pages\/1476\/revisions"}],"predecessor-version":[{"id":1658,"href":"https:\/\/inscriptions.cu-maghnia.dz\/ar\/wp-json\/wp\/v2\/pages\/1476\/revisions\/1658"}],"wp:attachment":[{"href":"https:\/\/inscriptions.cu-maghnia.dz\/ar\/wp-json\/wp\/v2\/media?parent=1476"}],"curies":[{"name":"wp","href":"https:\/\/api.w.org\/{rel}","templated":true}]}}