{"id":1686,"date":"2025-08-28T19:23:42","date_gmt":"2025-08-28T17:23:42","guid":{"rendered":"https:\/\/inscriptions.cu-maghnia.dz\/?page_id=1686"},"modified":"2025-09-16T11:48:53","modified_gmt":"2025-09-16T09:48:53","slug":"les-titulaires-du-baccalaureat-2025-non-inscrits","status":"publish","type":"page","link":"https:\/\/inscriptions.cu-maghnia.dz\/ar\/les-titulaires-du-baccalaureat-2025-non-inscrits\/","title":{"rendered":"\u062d\u0627\u0645\u0644\u064a \u0634\u0647\u0627\u062f\u0629 \u0628\u0643\u0627\u0644\u0648\u0631\u064a\u0627 2025 \u0627\u0644\u0630\u064a\u0646 \u0644\u0645 \u064a\u0642\u0645\u0648\u0627 \u0628\u0623\u064a \u0625\u062c\u0631\u0627\u0621 \u062a\u0633\u062c\u064a\u0644"},"content":{"rendered":"<div data-elementor-type=\"wp-page\" data-elementor-id=\"1686\" class=\"elementor elementor-1686\">\n\t\t\t\t<div class=\"elementor-element elementor-element-7a7ab6c e-flex e-con-boxed wpr-particle-no wpr-jarallax-no wpr-parallax-no wpr-sticky-section-no e-con e-parent\" data-id=\"7a7ab6c\" data-element_type=\"container\">\n\t\t\t\t\t<div class=\"e-con-inner\">\n\t\t\t\t<div class=\"elementor-element elementor-element-9183fdc elementor-widget elementor-widget-page-title\" data-id=\"9183fdc\" data-element_type=\"widget\" data-settings=\"{&quot;align&quot;:&quot;center&quot;}\" data-widget_type=\"page-title.default\">\n\t\t\t\t<div class=\"elementor-widget-container\">\n\t\t\t\t\t\t\t\n\t\t<div class=\"hfe-page-title hfe-page-title-wrapper elementor-widget-heading\">\n\n\t\t\t\t\t\t\t\t<h2 class=\"elementor-heading-title elementor-size-default\">\n\t\t\t\t\t\t\t\t\n\t\t\t\t\u062d\u0627\u0645\u0644\u064a \u0634\u0647\u0627\u062f\u0629 \u0628\u0643\u0627\u0644\u0648\u0631\u064a\u0627 2025 \u0627\u0644\u0630\u064a\u0646 \u0644\u0645 \u064a\u0642\u0645\u0648\u0627 \u0628\u0623\u064a \u0625\u062c\u0631\u0627\u0621 \u062a\u0633\u062c\u064a\u0644  \n\t\t\t<\/h2> \n\t\t\t\t\t<\/div>\n\t\t\t\t\t\t<\/div>\n\t\t\t\t<\/div>\n\t\t<div class=\"elementor-element elementor-element-b0c616b e-grid e-con-full wpr-particle-no wpr-jarallax-no wpr-parallax-no wpr-sticky-section-no e-con e-child\" data-id=\"b0c616b\" data-element_type=\"container\">\n\t\t\t\t<div class=\"elementor-element elementor-element-0fa6a65 elementor-view-default elementor-widget elementor-widget-icon\" data-id=\"0fa6a65\" data-element_type=\"widget\" data-widget_type=\"icon.default\">\n\t\t\t\t<div class=\"elementor-widget-container\">\n\t\t\t\t\t\t\t<div class=\"elementor-icon-wrapper\">\n\t\t\t<div class=\"elementor-icon\">\n\t\t\t<svg aria-hidden=\"true\" class=\"e-font-icon-svg e-fas-exclamation-triangle\" viewbox=\"0 0 576 512\" xmlns=\"http:\/\/www.w3.org\/2000\/svg\"><path d=\"M569.517 440.013C587.975 472.007 564.806 512 527.94 512H48.054c-36.937 0-59.999-40.055-41.577-71.987L246.423 23.985c18.467-32.009 64.72-31.951 83.154 0l239.94 416.028zM288 354c-25.405 0-46 20.595-46 46s20.595 46 46 46 46-20.595 46-46-20.595-46-46-46zm-43.673-165.346l7.418 136c.347 6.364 5.609 11.346 11.982 11.346h48.546c6.373 0 11.635-4.982 11.982-11.346l7.418-136c.375-6.874-5.098-12.654-11.982-12.654h-63.383c-6.884 0-12.356 5.78-11.981 12.654z\"><\/path><\/svg>\t\t\t<\/div>\n\t\t<\/div>\n\t\t\t\t\t\t<\/div>\n\t\t\t\t<\/div>\n\t\t\t\t<div class=\"elementor-element elementor-element-92dd985 elementor-widget elementor-widget-text-editor\" data-id=\"92dd985\" data-element_type=\"widget\" data-widget_type=\"text-editor.default\">\n\t\t\t\t<div class=\"elementor-widget-container\">\n\t\t\t\t\t\t\t\t\t<p data-start=\"84\" data-end=\"104\"><span style=\"color: #f32626;\"><strong>\u0645\u0647\u0645<\/strong><\/span><\/p><div class=\"elementor-element elementor-element-7f19574 elementor-widget elementor-widget-text-editor\" data-id=\"7f19574\" data-element_type=\"widget\" data-widget_type=\"text-editor.default\"><div class=\"elementor-widget-container\"><p data-start=\"107\" data-end=\"180\"><strong>Nous vous informons que les inscriptions p\u00e9dagogiques sont d\u00e9sormais ferm\u00e9es. Le dernier d\u00e9lai fix\u00e9 \u00e9tait le 15 septembre 2025<\/strong><\/p><\/div><\/div>\t\t\t\t\t\t\t\t<\/div>\n\t\t\t\t<\/div>\n\t\t\t\t<\/div>\n\t\t<div class=\"elementor-element elementor-element-f7814ed e-grid e-con-full elementor-hidden-desktop elementor-hidden-tablet elementor-hidden-mobile wpr-particle-no wpr-jarallax-no wpr-parallax-no wpr-sticky-section-no e-con e-child\" data-id=\"f7814ed\" data-element_type=\"container\">\n\t\t\t\t<div class=\"elementor-element elementor-element-819983c elementor-view-default elementor-widget elementor-widget-icon\" data-id=\"819983c\" data-element_type=\"widget\" data-widget_type=\"icon.default\">\n\t\t\t\t<div class=\"elementor-widget-container\">\n\t\t\t\t\t\t\t<div class=\"elementor-icon-wrapper\">\n\t\t\t<div class=\"elementor-icon\">\n\t\t\t<svg aria-hidden=\"true\" class=\"e-font-icon-svg e-fas-exclamation-triangle\" viewbox=\"0 0 576 512\" xmlns=\"http:\/\/www.w3.org\/2000\/svg\"><path d=\"M569.517 440.013C587.975 472.007 564.806 512 527.94 512H48.054c-36.937 0-59.999-40.055-41.577-71.987L246.423 23.985c18.467-32.009 64.72-31.951 83.154 0l239.94 416.028zM288 354c-25.405 0-46 20.595-46 46s20.595 46 46 46 46-20.595 46-46-20.595-46-46-46zm-43.673-165.346l7.418 136c.347 6.364 5.609 11.346 11.982 11.346h48.546c6.373 0 11.635-4.982 11.982-11.346l7.418-136c.375-6.874-5.098-12.654-11.982-12.654h-63.383c-6.884 0-12.356 5.78-11.981 12.654z\"><\/path><\/svg>\t\t\t<\/div>\n\t\t<\/div>\n\t\t\t\t\t\t<\/div>\n\t\t\t\t<\/div>\n\t\t\t\t<div class=\"elementor-element elementor-element-91a053c elementor-widget elementor-widget-text-editor\" data-id=\"91a053c\" data-element_type=\"widget\" data-widget_type=\"text-editor.default\">\n\t\t\t\t<div class=\"elementor-widget-container\">\n\t\t\t\t\t\t\t\t\t<p data-start=\"84\" data-end=\"104\"><span style=\"color: #f32626;\"><strong>\u0645\u0647\u0645<\/strong><\/span><\/p><ul data-start=\"105\" data-end=\"289\"><li data-start=\"105\" data-end=\"180\"><p data-start=\"107\" data-end=\"180\" class=\"translation-block\"><p>\u0628\u0627\u0644\u0646\u0633\u0628\u0629 <strong data-start=\"112\" data-end=\"136\"><span style=\"color: #f32626\">\u0644\u0643\u0644 \u0645\u0644\u0641<\/span> \u0645\u0631\u0641\u0642<\/strong>\u060c \u064a\u062c\u0628 \u0623\u0644\u0627 <span style=\"color: #f32626\"><strong data-start=\"156\" data-end=\"177\">\u064a\u062a\u062c\u0627\u0648\u0632 \u062d\u062c\u0645\u0647 2 \u0645\u064a\u063a\u0627\u0628\u0627\u064a\u062a<\/strong><\/span>.<\/p><\/p><\/li><li data-start=\"181\" data-end=\"289\"><p data-start=\"183\" data-end=\"289\" class=\"translation-block\"><strong data-start=\"183\" data-end=\"198\"><span style=\"text-decoration: underline\"><span style=\"color: #f32626;text-decoration: underline\">\u0627\u0633\u062a\u062b\u0646\u0627\u0621<\/span><\/span> :<\/strong> \u0625\u0630\u0627 \u0642\u0645\u062a \u0628\u0625\u0631\u0641\u0627\u0642 <span style=\"color: #f32626\"><strong data-start=\"219\" data-end=\"239\">\u0643\u0634\u0648\u0641 \u0627\u0644\u0646\u0642\u0627\u0637<\/strong><\/span>\u060c \u064a\u062c\u0628 \u0623\u0646 \u0644\u0627 \u062a\u062a\u062c\u0627\u0648\u0632 <strong data-start=\"258\" data-end=\"288\">\u0627\u0644\u062d\u062c\u0645 \u0627\u0644\u0625\u062c\u0645\u0627\u0644\u064a <span style=\"color: #f32626\">10 \u0645\u064a\u063a\u0627\u0628\u0627\u064a\u062a<\/span><\/strong><span style=\"color: #f32626\">.<\/span><\/p><\/li><\/ul><p data-start=\"291\" data-end=\"374\"><span style=\"color: #f32626;\">\u0646\u0631\u062c\u0648 \u0627\u062d\u062a\u0631\u0627\u0645 \u0647\u0630\u0647 \u0627\u0644\u062d\u062f\u0648\u062f \u0644\u0636\u0645\u0627\u0646 \u0625\u0631\u0633\u0627\u0644 \u0645\u0644\u0641\u0643\u0645 \u0628\u0634\u0643\u0644 \u0635\u062d\u064a\u062d<\/span>.<\/p>\t\t\t\t\t\t\t\t<\/div>\n\t\t\t\t<\/div>\n\t\t\t\t<\/div>\n\t\t\t\t<div class=\"elementor-element elementor-element-e9c29ff elementor-widget elementor-widget-shortcode\" data-id=\"e9c29ff\" data-element_type=\"widget\" data-widget_type=\"shortcode.default\">\n\t\t\t\t<div class=\"elementor-widget-container\">\n\t\t\t\t\t\t\t<div class=\"elementor-shortcode\"><\/div>\n\t\t\t\t\t\t<\/div>\n\t\t\t\t<\/div>\n\t\t\t\t\t<\/div>\n\t\t\t\t<\/div>\n\t\t\t\t<\/div>","protected":false},"excerpt":{"rendered":"<p>Les titulaires du baccalaur\u00e9at 2025 non inscrits Important : Nous vous informons que les inscriptions p\u00e9dagogiques sont d\u00e9sormais ferm\u00e9es. Le dernier d\u00e9lai fix\u00e9 \u00e9tait le 15 septembre 2025 Important : Pour chaque fichier joint, la taille ne doit pas d\u00e9passer 2 Mo. Exception : si vous joignez les relev\u00e9s de notes, la taille totale ne doit pas d\u00e9passer 10 Mo. Merci de bien respecter ces limites pour garantir l\u2019envoi correct de votre dossier.<\/p>","protected":false},"author":1,"featured_media":0,"parent":0,"menu_order":0,"comment_status":"closed","ping_status":"closed","template":"","meta":{"_eb_attr":"","_EventAllDay":false,"_EventTimezone":"","_EventStartDate":"","_EventEndDate":"","_EventStartDateUTC":"","_EventEndDateUTC":"","_EventShowMap":false,"_EventShowMapLink":false,"_EventURL":"","_EventCost":"","_EventCostDescription":"","_EventCurrencySymbol":"","_EventCurrencyCode":"","_EventCurrencyPosition":"","_EventDateTimeSeparator":"","_EventTimeRangeSeparator":"","_EventOrganizerID":[],"_EventVenueID":[],"_OrganizerEmail":"","_OrganizerPhone":"","_OrganizerWebsite":"","_VenueAddress":"","_VenueCity":"","_VenueCountry":"","_VenueProvince":"","_VenueState":"","_VenueZip":"","_VenuePhone":"","_VenueURL":"","_VenueStateProvince":"","_VenueLat":"","_VenueLng":"","_VenueShowMap":false,"_VenueShowMapLink":false,"_kadence_starter_templates_imported_post":false,"_kad_post_transparent":"","_kad_post_title":"hide","_kad_post_layout":"fullwidth","_kad_post_sidebar_id":"","_kad_post_content_style":"unboxed","_kad_post_vertical_padding":"hide","_kad_post_feature":"hide","_kad_post_feature_position":"","_kad_post_header":false,"_kad_post_footer":false,"_kad_post_classname":"","footnotes":""},"class_list":["post-1686","page","type-page","status-publish","hentry"],"_links":{"self":[{"href":"https:\/\/inscriptions.cu-maghnia.dz\/ar\/wp-json\/wp\/v2\/pages\/1686","targetHints":{"allow":["GET"]}}],"collection":[{"href":"https:\/\/inscriptions.cu-maghnia.dz\/ar\/wp-json\/wp\/v2\/pages"}],"about":[{"href":"https:\/\/inscriptions.cu-maghnia.dz\/ar\/wp-json\/wp\/v2\/types\/page"}],"author":[{"embeddable":true,"href":"https:\/\/inscriptions.cu-maghnia.dz\/ar\/wp-json\/wp\/v2\/users\/1"}],"replies":[{"embeddable":true,"href":"https:\/\/inscriptions.cu-maghnia.dz\/ar\/wp-json\/wp\/v2\/comments?post=1686"}],"version-history":[{"count":19,"href":"https:\/\/inscriptions.cu-maghnia.dz\/ar\/wp-json\/wp\/v2\/pages\/1686\/revisions"}],"predecessor-version":[{"id":1919,"href":"https:\/\/inscriptions.cu-maghnia.dz\/ar\/wp-json\/wp\/v2\/pages\/1686\/revisions\/1919"}],"wp:attachment":[{"href":"https:\/\/inscriptions.cu-maghnia.dz\/ar\/wp-json\/wp\/v2\/media?parent=1686"}],"curies":[{"name":"wp","href":"https:\/\/api.w.org\/{rel}","templated":true}]}}