{"id":2098,"date":"2025-12-15T13:43:43","date_gmt":"2025-12-15T12:43:43","guid":{"rendered":"https:\/\/inscriptions.cu-maghnia.dz\/?page_id=2098"},"modified":"2026-03-12T18:22:02","modified_gmt":"2026-03-12T17:22:02","slug":"stage-de-mise-a-niveau-a-letranger-pour-les-doctorants","status":"publish","type":"page","link":"https:\/\/inscriptions.cu-maghnia.dz\/ar\/stage-de-mise-a-niveau-a-letranger-pour-les-doctorants\/","title":{"rendered":"Stage de mise \u00e0 niveau \u00e0 l\u2019\u00e9tranger pour les doctorants"},"content":{"rendered":"<div data-elementor-type=\"wp-page\" data-elementor-id=\"2098\" class=\"elementor elementor-2098\">\n\t\t\t\t\t\t<section class=\"elementor-section elementor-top-section elementor-element elementor-element-1a104b71 elementor-section-boxed elementor-section-height-default elementor-section-height-default wpr-particle-no wpr-jarallax-no wpr-parallax-no wpr-sticky-section-no\" data-id=\"1a104b71\" data-element_type=\"section\">\n\t\t\t\t\t\t<div class=\"elementor-container elementor-column-gap-default\">\n\t\t\t\t\t<div class=\"elementor-column elementor-col-100 elementor-top-column elementor-element elementor-element-6f617f50\" data-id=\"6f617f50\" data-element_type=\"column\">\n\t\t\t<div class=\"elementor-widget-wrap elementor-element-populated\">\n\t\t\t\t\t\t<div class=\"elementor-element elementor-element-8ccdfff elementor-widget elementor-widget-heading\" data-id=\"8ccdfff\" data-element_type=\"widget\" data-widget_type=\"heading.default\">\n\t\t\t\t<div class=\"elementor-widget-container\">\n\t\t\t\t\t<h2 class=\"elementor-heading-title elementor-size-default\">Stage de mise \u00e0 niveau \u00e0 l\u2019\u00e9tranger \u2013 Maitres Assistants \"A\" et doctorants\t\t\t\t\t\t<\/h2>\t\t\t\t<\/div>\n\t\t\t\t<\/div>\n\t\t\t\t<section class=\"elementor-section elementor-inner-section elementor-element elementor-element-7b625d3 elementor-section-content-middle elementor-section-boxed elementor-section-height-default elementor-section-height-default wpr-particle-no wpr-jarallax-no wpr-parallax-no wpr-sticky-section-no elementor-invisible\" data-id=\"7b625d3\" data-element_type=\"section\" data-settings=\"{&quot;background_background&quot;:&quot;classic&quot;,&quot;shape_divider_top&quot;:&quot;tilt&quot;,&quot;shape_divider_bottom&quot;:&quot;tilt&quot;,&quot;animation&quot;:&quot;zoomIn&quot;}\">\n\t\t\t\t\t<div class=\"elementor-shape elementor-shape-top\" aria-hidden=\"true\" data-negative=\"false\">\n\t\t\t<svg xmlns=\"http:\/\/www.w3.org\/2000\/svg\" viewbox=\"0 0 1000 100\" preserveaspectratio=\"none\">\n\t<path class=\"elementor-shape-fill\" d=\"M0,6V0h1000v100L0,6z\"\/>\n<\/svg>\t\t<\/div>\n\t\t\t\t<div class=\"elementor-shape elementor-shape-bottom\" aria-hidden=\"true\" data-negative=\"false\">\n\t\t\t<svg xmlns=\"http:\/\/www.w3.org\/2000\/svg\" viewbox=\"0 0 1000 100\" preserveaspectratio=\"none\">\n\t<path class=\"elementor-shape-fill\" d=\"M0,6V0h1000v100L0,6z\"\/>\n<\/svg>\t\t<\/div>\n\t\t\t\t\t<div class=\"elementor-container elementor-column-gap-default\">\n\t\t\t\t\t<div class=\"elementor-column elementor-col-100 elementor-inner-column elementor-element elementor-element-183b0c8d\" data-id=\"183b0c8d\" data-element_type=\"column\">\n\t\t\t<div class=\"elementor-widget-wrap elementor-element-populated\">\n\t\t\t\t\t\t<div class=\"elementor-element elementor-element-1dc30d80 elementor-widget elementor-widget-heading\" data-id=\"1dc30d80\" data-element_type=\"widget\" data-widget_type=\"heading.default\">\n\t\t\t\t<div class=\"elementor-widget-container\">\n\t\t\t\t\t<h2 class=\"elementor-heading-title elementor-size-default\">Documents \u00e0 t\u00e9l\u00e9charger<\/h2>\t\t\t\t<\/div>\n\t\t\t\t<\/div>\n\t\t\t\t<div class=\"elementor-element elementor-element-43ade5f4 elementor-widget elementor-widget-n-accordion\" data-id=\"43ade5f4\" data-element_type=\"widget\" data-settings=\"{&quot;default_state&quot;:&quot;expanded&quot;,&quot;max_items_expended&quot;:&quot;one&quot;,&quot;n_accordion_animation_duration&quot;:{&quot;unit&quot;:&quot;ms&quot;,&quot;size&quot;:400,&quot;sizes&quot;:[]}}\" data-widget_type=\"nested-accordion.default\">\n\t\t\t\t<div class=\"elementor-widget-container\">\n\t\t\t\t\t\t\t<div class=\"e-n-accordion\" aria-label=\"Accordion. Open links with Enter or Space, close with Escape, and navigate with Arrow Keys\">\n\t\t\t\t\t\t<details id=\"e-n-accordion-item-1130\" class=\"e-n-accordion-item\" open>\n\t\t\t\t<summary class=\"e-n-accordion-item-title\" data-accordion-index=\"1\" tabindex=\"0\" aria-expanded=\"true\" aria-controls=\"e-n-accordion-item-1130\" >\n\t\t\t\t\t<span class='e-n-accordion-item-title-header'><div class=\"e-n-accordion-item-title-text\"> Projet de travail des doctorants <\/div><\/span>\n\t\t\t\t\t\t\t<span class='e-n-accordion-item-title-icon'>\n\t\t\t<span class='e-opened' ><svg aria-hidden=\"true\" class=\"e-font-icon-svg e-fas-minus\" viewbox=\"0 0 448 512\" xmlns=\"http:\/\/www.w3.org\/2000\/svg\"><path d=\"M416 208H32c-17.67 0-32 14.33-32 32v32c0 17.67 14.33 32 32 32h384c17.67 0 32-14.33 32-32v-32c0-17.67-14.33-32-32-32z\"><\/path><\/svg><\/span>\n\t\t\t<span class='e-closed'><svg aria-hidden=\"true\" class=\"e-font-icon-svg e-fas-plus\" viewbox=\"0 0 448 512\" xmlns=\"http:\/\/www.w3.org\/2000\/svg\"><path d=\"M416 208H272V64c0-17.67-14.33-32-32-32h-32c-17.67 0-32 14.33-32 32v144H32c-17.67 0-32 14.33-32 32v32c0 17.67 14.33 32 32 32h144v144c0 17.67 14.33 32 32 32h32c17.67 0 32-14.33 32-32V304h144c17.67 0 32-14.33 32-32v-32c0-17.67-14.33-32-32-32z\"><\/path><\/svg><\/span>\n\t\t<\/span>\n\n\t\t\t\t\t\t<\/summary>\n\t\t\t\t<div role=\"region\" aria-labelledby=\"e-n-accordion-item-1130\" class=\"elementor-element elementor-element-5abbd452 e-con-full e-flex wpr-particle-no wpr-jarallax-no wpr-parallax-no wpr-sticky-section-no e-con e-child\" data-id=\"5abbd452\" data-element_type=\"container\">\n\t\t\t\t<div class=\"elementor-element elementor-element-41bd9dbf elementor-widget elementor-widget-embedpres_document\" data-id=\"41bd9dbf\" data-element_type=\"widget\" data-widget_type=\"embedpres_document.default\">\n\t\t\t\t<div class=\"elementor-widget-container\">\n\t\t\t\t\t\n        <div class=\"embedpress-document-embed ep-doc-a5532e6fb7de45a0476cb300f2121106 ose-document\" style=\"; max-width:100%; display: inline-block\">\n\n                        <div >\n\n                <div id=\"ep-elementor-content-41bd9dbf\" class=\"ep-elementor-content    ep-content-protection-disabled\">\n                    <div id=\"41bd9dbf\" class=\"ep-embed-content-wraper\">\n                        <div class=\"embedpress-embed-document-pdf embedpress-pdf-41bd9dbf\" data-emid=\"embedpress-pdf-41bd9dbf\" data-embedpress-content=\"15449bd5789683ed8d829a54530f4a44\" data-embed-type=\"Document\"><div class=\"ep-file-download-option-masked ep-file-doc  enabled-file-download\" data-theme-mode=\"default\" data-id=\"41bd9dbf\"><iframe title=\"\u0645\u0634\u0631\u0648\u0639 \u0639\u0645\u0644 \u0627\u0644\u0623\u0633\u0627\u062a\u0630\u0629\" allowfullscreen=\"true\"  mozallowfullscreen=\"true\" webkitallowfullscreen=\"true\" style=\"; max-width:100%;\" src=\"\/\/view.officeapps.live.com\/op\/embed.aspx?src=https%3A%2F%2Finscriptions.cu-maghnia.dz%2Fwp-content%2Fuploads%2F2026%2F03%2F%D9%85%D8%B4%D8%B1%D9%88%D8%B9-%D8%B9%D9%85%D9%84-%D8%A7%D9%84%D8%A3%D8%B3%D8%A7%D8%AA%D8%B0%D8%A9.doc&#038;embedded=true\" sandbox=\"allow-forms allow-modals allow-orientation-lock allow-pointer-lock allow-presentation allow-same-origin allow-scripts allow-top-navigation allow-top-navigation-by-user-activation\">\n                <\/iframe><div style=\"width: 40px; height: 40px; position: absolute; opacity: 0; right: 12px; top: 12px;\"><\/div><div class=\"ep-external-doc-icons\"><div class=\"ep-doc-print-icon\" ><svg xmlns=\"http:\/\/www.w3.org\/2000\/svg\" width=\"25\" height=\"25\" viewbox=\"0 0 24 24\">\n\t\t<path d=\"M19 8H5c-1.66 0-3 1.34-3 3v6h4v4h12v-4h4v-6c0-1.66-1.34-3-3-3zm-3 11H8v-5h8v5zm3-7c-.55 0-1-.45-1-1s.45-1 1-1 1 .45 1 1-.45 1-1 1zm-1-9H6v4h12V3z\" fill=\"#fff\"\/>\n\t\t<\/svg><\/div><div class=\"ep-doc-download-icon\" ><svg width=\"25\" height=\"25\" viewbox=\"0 0 0.6 0.6\" xmlns=\"http:\/\/www.w3.org\/2000\/svg\"><path fill=\"#fff\" fill-rule=\"evenodd\" d=\"M.525.4A.025.025 0 0 1 .55.422v.053A.075.075 0 0 1 .479.55H.125A.075.075 0 0 1 .05.479V.425A.025.025 0 0 1 .1.422v.053A.025.025 0 0 0 .122.5h.353A.025.025 0 0 0 .5.478V.425A.025.025 0 0 1 .525.4ZM.3.05a.025.025 0 0 1 .025.025v.24L.357.283A.025.025 0 0 1 .39.281l.002.002a.025.025 0 0 1 .002.033L.392.318.317.393.316.394.314.395.311.397.308.398.305.399.301.4H.295L.292.399.289.398.287.397.285.395A.025.025 0 0 1 .283.393L.208.318A.025.025 0 0 1 .241.281l.002.002.032.032v-.24A.025.025 0 0 1 .3.05Z\"\/><\/svg><\/div><div class=\"ep-doc-draw-icon\"><svg width=\"20\" height=\"20\" viewbox=\"0 0 24 24\" fill=\"none\" xmlns=\"http:\/\/www.w3.org\/2000\/svg\"><path d=\"m15 7.5 2.5 2.5m-10 10L19.25 8.25c0.69 -0.69 0.69 -1.81 0 -2.5v0c-0.69 -0.69 -1.81 -0.69 -2.5 0L5 17.5V20h2.5Zm0 0h8.379C17.05 20 18 19.05 18 17.879v0c0 -0.563 -0.224 -1.103 -0.621 -1.5L17 16M4.5 5c2 -2 5.5 -1 5.5 1 0 2.5 -6 2.5 -6 5 0 0.876 0.533 1.526 1.226 2\" stroke=\"#fff\" stroke-width=\"2\" stroke-linecap=\"round\" stroke-linejoin=\"round\"\/><\/svg><\/div><div class=\"ep-doc-fullscreen-icon\"><svg width=\"25\" height=\"25\" viewbox=\"0 0 24 24\" xmlns=\"http:\/\/www.w3.org\/2000\/svg\">\n\t\t<path d=\"m3 15 .117.007a1 1 0 0 1 .876.876L4 16v4h4l.117.007a1 1 0 0 1 0 1.986L8 22H3l-.117-.007a1 1 0 0 1-.876-.876L2 21v-5l.007-.117a1 1 0 0 1 .876-.876L3 15Zm18 0a1 1 0 0 1 .993.883L22 16v5a1 1 0 0 1-.883.993L21 22h-5a1 1 0 0 1-.117-1.993L16 20h4v-4a1 1 0 0 1 .883-.993L21 15ZM8 2a1 1 0 0 1 .117 1.993L8 4H4v4a1 1 0 0 1-.883.993L3 9a1 1 0 0 1-.993-.883L2 8V3a1 1 0 0 1 .883-.993L3 2h5Zm13 0 .117.007a1 1 0 0 1 .876.876L22 3v5l-.007.117a1 1 0 0 1-.876.876L21 9l-.117-.007a1 1 0 0 1-.876-.876L20 8V4h-4l-.117-.007a1 1 0 0 1 0-1.986L16 2h5Z\" fill=\"#fff\"\/>\n\t  \t<\/svg><\/div><div class=\"ep-doc-minimize-icon\" style=\"display:none\"><svg xmlns=\"http:\/\/www.w3.org\/2000\/svg\" viewbox=\"0 0 20 20\" style=\"enable-background:new 0 0 385.331 385.331\" xml:space=\"preserve\" width=\"20\" height=\"20\"><path fill=\"#fff\" d=\"M13.751 8.131h5.62c0.355 0 0.619 -0.28 0.619 -0.634 0 -0.355 -0.265 -0.615 -0.619 -0.614h-4.995V1.878c0 -0.355 -0.27 -0.624 -0.624 -0.624s-0.624 0.27 -0.624 0.624v5.62c0 0.002 0.001 0.003 0.001 0.004 0 0.002 -0.001 0.003 -0.001 0.005 0 0.348 0.276 0.625 0.624 0.624zM6.244 1.259c-0.354 0 -0.614 0.265 -0.614 0.619v4.995H0.624c-0.355 0 -0.624 0.27 -0.624 0.624 0 0.355 0.27 0.624 0.624 0.624h5.62c0.002 0 0.003 -0.001 0.004 -0.001 0.002 0 0.003 0.001 0.005 0.001 0.348 0 0.624 -0.276 0.624 -0.624V1.878c0 -0.354 -0.28 -0.619 -0.634 -0.619zm0.005 10.61H0.629c-0.355 0.001 -0.619 0.28 -0.619 0.634 0 0.355 0.265 0.615 0.619 0.614h4.995v5.005c0 0.355 0.27 0.624 0.624 0.624 0.355 0 0.624 -0.27 0.624 -0.624V12.502c0 -0.002 -0.001 -0.003 -0.001 -0.004 0 -0.002 0.001 -0.003 0.001 -0.005 0 -0.348 -0.276 -0.624 -0.624 -0.624zm13.127 0H13.756c-0.002 0 -0.003 0.001 -0.004 0.001 -0.002 0 -0.003 -0.001 -0.005 -0.001 -0.348 0 -0.624 0.276 -0.624 0.624v5.62c0 0.355 0.28 0.619 0.634 0.619 0.354 0.001 0.614 -0.265 0.614 -0.619v-4.995H19.376c0.355 0 0.624 -0.27 0.624 -0.624s-0.27 -0.624 -0.624 -0.625z\"\/><g\/><g\/><g\/><g\/><g\/><g\/><\/svg><\/div><\/div><\/div><\/div>                    <\/div>\n                <\/div>\n                            <\/div>\n        <\/div>\n\n    \t\t\t\t<\/div>\n\t\t\t\t<\/div>\n\t\t\t\t<\/div>\n\t\t\t\t\t<\/details>\n\t\t\t\t\t\t<details id=\"e-n-accordion-item-1131\" class=\"e-n-accordion-item\" >\n\t\t\t\t<summary class=\"e-n-accordion-item-title\" data-accordion-index=\"2\" tabindex=\"-1\" aria-expanded=\"false\" aria-controls=\"e-n-accordion-item-1131\" >\n\t\t\t\t\t<span class='e-n-accordion-item-title-header'><div class=\"e-n-accordion-item-title-text\"> Portfolio scientifique et de recherche <\/div><\/span>\n\t\t\t\t\t\t\t<span class='e-n-accordion-item-title-icon'>\n\t\t\t<span class='e-opened' ><svg aria-hidden=\"true\" class=\"e-font-icon-svg e-fas-minus\" viewbox=\"0 0 448 512\" xmlns=\"http:\/\/www.w3.org\/2000\/svg\"><path d=\"M416 208H32c-17.67 0-32 14.33-32 32v32c0 17.67 14.33 32 32 32h384c17.67 0 32-14.33 32-32v-32c0-17.67-14.33-32-32-32z\"><\/path><\/svg><\/span>\n\t\t\t<span class='e-closed'><svg aria-hidden=\"true\" class=\"e-font-icon-svg e-fas-plus\" viewbox=\"0 0 448 512\" xmlns=\"http:\/\/www.w3.org\/2000\/svg\"><path d=\"M416 208H272V64c0-17.67-14.33-32-32-32h-32c-17.67 0-32 14.33-32 32v144H32c-17.67 0-32 14.33-32 32v32c0 17.67 14.33 32 32 32h144v144c0 17.67 14.33 32 32 32h32c17.67 0 32-14.33 32-32V304h144c17.67 0 32-14.33 32-32v-32c0-17.67-14.33-32-32-32z\"><\/path><\/svg><\/span>\n\t\t<\/span>\n\n\t\t\t\t\t\t<\/summary>\n\t\t\t\t<div role=\"region\" aria-labelledby=\"e-n-accordion-item-1131\" class=\"elementor-element elementor-element-f8d8db2 e-con-full e-flex wpr-particle-no wpr-jarallax-no wpr-parallax-no wpr-sticky-section-no e-con e-child\" data-id=\"f8d8db2\" data-element_type=\"container\">\n\t\t\t\t<div class=\"elementor-element elementor-element-10f63146 elementor-widget elementor-widget-embedpres_document\" data-id=\"10f63146\" data-element_type=\"widget\" data-widget_type=\"embedpres_document.default\">\n\t\t\t\t<div class=\"elementor-widget-container\">\n\t\t\t\t\t\n        <div class=\"embedpress-document-embed ep-doc-f0c250ee7a856bb1c72675d4c057c12a ose-document\" style=\"; max-width:100%; display: inline-block\">\n\n                        <div >\n\n                <div id=\"ep-elementor-content-10f63146\" class=\"ep-elementor-content    ep-content-protection-disabled\">\n                    <div id=\"10f63146\" class=\"ep-embed-content-wraper\">\n                        <div class=\"embedpress-embed-document-pdf embedpress-pdf-10f63146\" data-emid=\"embedpress-pdf-10f63146\" data-embedpress-content=\"de6bdaf26f1151041b226cee59eff89e\" data-embed-type=\"Document\"><div class=\"ep-file-download-option-masked ep-file-doc  enabled-file-download\" data-theme-mode=\"default\" data-id=\"10f63146\"><iframe title=\"\u062d\u0635\u064a\u0644\u0629_\u062a\u0631\u0628\u0635_\u062a\u062d\u0633\u064a\u0646_\u0627\u0644\u0645\u0633\u062a\u0648\u0649 \u0623\u0633\u062a\u0627\u0630 + \u0637 \u0627\u0644\u062f\u0643\u062a\u0648\u0631\u0627\u0647\" allowfullscreen=\"true\"  mozallowfullscreen=\"true\" webkitallowfullscreen=\"true\" style=\"; max-width:100%;\" src=\"\/\/view.officeapps.live.com\/op\/embed.aspx?src=https%3A%2F%2Finscriptions.cu-maghnia.dz%2Fwp-content%2Fuploads%2F2026%2F03%2F%D8%AD%D8%B5%D9%8A%D9%84%D8%A9_%D8%AA%D8%B1%D8%A8%D8%B5_%D8%AA%D8%AD%D8%B3%D9%8A%D9%86_%D8%A7%D9%84%D9%85%D8%B3%D8%AA%D9%88%D9%89-%D8%A3%D8%B3%D8%AA%D8%A7%D8%B0-%D8%B7-%D8%A7%D9%84%D8%AF%D9%83%D8%AA%D9%88%D8%B1%D8%A7%D9%87.doc&#038;embedded=true\" sandbox=\"allow-forms allow-modals allow-orientation-lock allow-pointer-lock allow-presentation allow-same-origin allow-scripts allow-top-navigation allow-top-navigation-by-user-activation\">\n                <\/iframe><div style=\"width: 40px; height: 40px; position: absolute; opacity: 0; right: 12px; top: 12px;\"><\/div><div class=\"ep-external-doc-icons\"><div class=\"ep-doc-print-icon\" ><svg xmlns=\"http:\/\/www.w3.org\/2000\/svg\" width=\"25\" height=\"25\" viewbox=\"0 0 24 24\">\n\t\t<path d=\"M19 8H5c-1.66 0-3 1.34-3 3v6h4v4h12v-4h4v-6c0-1.66-1.34-3-3-3zm-3 11H8v-5h8v5zm3-7c-.55 0-1-.45-1-1s.45-1 1-1 1 .45 1 1-.45 1-1 1zm-1-9H6v4h12V3z\" fill=\"#fff\"\/>\n\t\t<\/svg><\/div><div class=\"ep-doc-download-icon\" ><svg width=\"25\" height=\"25\" viewbox=\"0 0 0.6 0.6\" xmlns=\"http:\/\/www.w3.org\/2000\/svg\"><path fill=\"#fff\" fill-rule=\"evenodd\" d=\"M.525.4A.025.025 0 0 1 .55.422v.053A.075.075 0 0 1 .479.55H.125A.075.075 0 0 1 .05.479V.425A.025.025 0 0 1 .1.422v.053A.025.025 0 0 0 .122.5h.353A.025.025 0 0 0 .5.478V.425A.025.025 0 0 1 .525.4ZM.3.05a.025.025 0 0 1 .025.025v.24L.357.283A.025.025 0 0 1 .39.281l.002.002a.025.025 0 0 1 .002.033L.392.318.317.393.316.394.314.395.311.397.308.398.305.399.301.4H.295L.292.399.289.398.287.397.285.395A.025.025 0 0 1 .283.393L.208.318A.025.025 0 0 1 .241.281l.002.002.032.032v-.24A.025.025 0 0 1 .3.05Z\"\/><\/svg><\/div><div class=\"ep-doc-draw-icon\"><svg width=\"20\" height=\"20\" viewbox=\"0 0 24 24\" fill=\"none\" xmlns=\"http:\/\/www.w3.org\/2000\/svg\"><path d=\"m15 7.5 2.5 2.5m-10 10L19.25 8.25c0.69 -0.69 0.69 -1.81 0 -2.5v0c-0.69 -0.69 -1.81 -0.69 -2.5 0L5 17.5V20h2.5Zm0 0h8.379C17.05 20 18 19.05 18 17.879v0c0 -0.563 -0.224 -1.103 -0.621 -1.5L17 16M4.5 5c2 -2 5.5 -1 5.5 1 0 2.5 -6 2.5 -6 5 0 0.876 0.533 1.526 1.226 2\" stroke=\"#fff\" stroke-width=\"2\" stroke-linecap=\"round\" stroke-linejoin=\"round\"\/><\/svg><\/div><div class=\"ep-doc-fullscreen-icon\"><svg width=\"25\" height=\"25\" viewbox=\"0 0 24 24\" xmlns=\"http:\/\/www.w3.org\/2000\/svg\">\n\t\t<path d=\"m3 15 .117.007a1 1 0 0 1 .876.876L4 16v4h4l.117.007a1 1 0 0 1 0 1.986L8 22H3l-.117-.007a1 1 0 0 1-.876-.876L2 21v-5l.007-.117a1 1 0 0 1 .876-.876L3 15Zm18 0a1 1 0 0 1 .993.883L22 16v5a1 1 0 0 1-.883.993L21 22h-5a1 1 0 0 1-.117-1.993L16 20h4v-4a1 1 0 0 1 .883-.993L21 15ZM8 2a1 1 0 0 1 .117 1.993L8 4H4v4a1 1 0 0 1-.883.993L3 9a1 1 0 0 1-.993-.883L2 8V3a1 1 0 0 1 .883-.993L3 2h5Zm13 0 .117.007a1 1 0 0 1 .876.876L22 3v5l-.007.117a1 1 0 0 1-.876.876L21 9l-.117-.007a1 1 0 0 1-.876-.876L20 8V4h-4l-.117-.007a1 1 0 0 1 0-1.986L16 2h5Z\" fill=\"#fff\"\/>\n\t  \t<\/svg><\/div><div class=\"ep-doc-minimize-icon\" style=\"display:none\"><svg xmlns=\"http:\/\/www.w3.org\/2000\/svg\" viewbox=\"0 0 20 20\" style=\"enable-background:new 0 0 385.331 385.331\" xml:space=\"preserve\" width=\"20\" height=\"20\"><path fill=\"#fff\" d=\"M13.751 8.131h5.62c0.355 0 0.619 -0.28 0.619 -0.634 0 -0.355 -0.265 -0.615 -0.619 -0.614h-4.995V1.878c0 -0.355 -0.27 -0.624 -0.624 -0.624s-0.624 0.27 -0.624 0.624v5.62c0 0.002 0.001 0.003 0.001 0.004 0 0.002 -0.001 0.003 -0.001 0.005 0 0.348 0.276 0.625 0.624 0.624zM6.244 1.259c-0.354 0 -0.614 0.265 -0.614 0.619v4.995H0.624c-0.355 0 -0.624 0.27 -0.624 0.624 0 0.355 0.27 0.624 0.624 0.624h5.62c0.002 0 0.003 -0.001 0.004 -0.001 0.002 0 0.003 0.001 0.005 0.001 0.348 0 0.624 -0.276 0.624 -0.624V1.878c0 -0.354 -0.28 -0.619 -0.634 -0.619zm0.005 10.61H0.629c-0.355 0.001 -0.619 0.28 -0.619 0.634 0 0.355 0.265 0.615 0.619 0.614h4.995v5.005c0 0.355 0.27 0.624 0.624 0.624 0.355 0 0.624 -0.27 0.624 -0.624V12.502c0 -0.002 -0.001 -0.003 -0.001 -0.004 0 -0.002 0.001 -0.003 0.001 -0.005 0 -0.348 -0.276 -0.624 -0.624 -0.624zm13.127 0H13.756c-0.002 0 -0.003 0.001 -0.004 0.001 -0.002 0 -0.003 -0.001 -0.005 -0.001 -0.348 0 -0.624 0.276 -0.624 0.624v5.62c0 0.355 0.28 0.619 0.634 0.619 0.354 0.001 0.614 -0.265 0.614 -0.619v-4.995H19.376c0.355 0 0.624 -0.27 0.624 -0.624s-0.27 -0.624 -0.624 -0.625z\"\/><g\/><g\/><g\/><g\/><g\/><g\/><\/svg><\/div><\/div><\/div><\/div>                    <\/div>\n                <\/div>\n                            <\/div>\n        <\/div>\n\n    \t\t\t\t<\/div>\n\t\t\t\t<\/div>\n\t\t\t\t<\/div>\n\t\t\t\t\t<\/details>\n\t\t\t\t\t<\/div>\n\t\t\t\t\t\t<\/div>\n\t\t\t\t<\/div>\n\t\t\t\t\t<\/div>\n\t\t<\/div>\n\t\t\t\t\t<\/div>\n\t\t<\/section>\n\t\t\t\t\t<\/div>\n\t\t<\/div>\n\t\t\t\t\t<\/div>\n\t\t<\/section>\n\t\t<div class=\"elementor-element elementor-element-ec8407b e-flex e-con-boxed wpr-particle-no wpr-jarallax-no wpr-parallax-no wpr-sticky-section-no e-con e-parent\" data-id=\"ec8407b\" data-element_type=\"container\">\n\t\t\t\t\t<div class=\"e-con-inner\">\n\t\t\t\t<div class=\"elementor-element elementor-element-4f6c33b7 elementor-widget elementor-widget-heading\" data-id=\"4f6c33b7\" data-element_type=\"widget\" data-widget_type=\"heading.default\">\n\t\t\t\t<div class=\"elementor-widget-container\">\n\t\t\t\t\t<h2 class=\"elementor-heading-title elementor-size-default\">D\u00e9p\u00f4t des dossiers en ligne<\/h2>\t\t\t\t<\/div>\n\t\t\t\t<\/div>\n\t\t\t\t\t<\/div>\n\t\t\t\t<\/div>\n\t\t<div class=\"elementor-element elementor-element-75c83b63 e-flex e-con-boxed wpr-particle-no wpr-jarallax-no wpr-parallax-no wpr-sticky-section-no e-con e-parent\" data-id=\"75c83b63\" data-element_type=\"container\">\n\t\t\t\t\t<div class=\"e-con-inner\">\n\t\t\t\t<div class=\"elementor-element elementor-element-6996cbbb elementor-widget elementor-widget-shortcode\" data-id=\"6996cbbb\" data-element_type=\"widget\" data-widget_type=\"shortcode.default\">\n\t\t\t\t<div class=\"elementor-widget-container\">\n\t\t\t\t\t\t\t<div class=\"elementor-shortcode\"><\/div>\n\t\t\t\t\t\t<\/div>\n\t\t\t\t<\/div>\n\t\t\t\t\t<\/div>\n\t\t\t\t<\/div>\n\t\t\t\t<\/div>","protected":false},"excerpt":{"rendered":"<p>Stage de mise \u00e0 niveau \u00e0 l\u2019\u00e9tranger \u2013 Maitres Assistants \u00ab\u00a0A\u00a0\u00bb et doctorants Documents \u00e0 t\u00e9l\u00e9charger Projet de travail des doctorants Portfolio scientifique et de recherche D\u00e9p\u00f4t des dossiers en ligne<\/p>","protected":false},"author":1,"featured_media":0,"parent":0,"menu_order":0,"comment_status":"closed","ping_status":"closed","template":"","meta":{"_eb_attr":"","_EventAllDay":false,"_EventTimezone":"","_EventStartDate":"","_EventEndDate":"","_EventStartDateUTC":"","_EventEndDateUTC":"","_EventShowMap":false,"_EventShowMapLink":false,"_EventURL":"","_EventCost":"","_EventCostDescription":"","_EventCurrencySymbol":"","_EventCurrencyCode":"","_EventCurrencyPosition":"","_EventDateTimeSeparator":"","_EventTimeRangeSeparator":"","_EventOrganizerID":[],"_EventVenueID":[],"_OrganizerEmail":"","_OrganizerPhone":"","_OrganizerWebsite":"","_VenueAddress":"","_VenueCity":"","_VenueCountry":"","_VenueProvince":"","_VenueState":"","_VenueZip":"","_VenuePhone":"","_VenueURL":"","_VenueStateProvince":"","_VenueLat":"","_VenueLng":"","_VenueShowMap":false,"_VenueShowMapLink":false,"_kadence_starter_templates_imported_post":false,"_kad_post_transparent":"","_kad_post_title":"hide","_kad_post_layout":"fullwidth","_kad_post_sidebar_id":"","_kad_post_content_style":"unboxed","_kad_post_vertical_padding":"hide","_kad_post_feature":"hide","_kad_post_feature_position":"","_kad_post_header":false,"_kad_post_footer":false,"_kad_post_classname":"","footnotes":""},"class_list":["post-2098","page","type-page","status-publish","hentry"],"_links":{"self":[{"href":"https:\/\/inscriptions.cu-maghnia.dz\/ar\/wp-json\/wp\/v2\/pages\/2098","targetHints":{"allow":["GET"]}}],"collection":[{"href":"https:\/\/inscriptions.cu-maghnia.dz\/ar\/wp-json\/wp\/v2\/pages"}],"about":[{"href":"https:\/\/inscriptions.cu-maghnia.dz\/ar\/wp-json\/wp\/v2\/types\/page"}],"author":[{"embeddable":true,"href":"https:\/\/inscriptions.cu-maghnia.dz\/ar\/wp-json\/wp\/v2\/users\/1"}],"replies":[{"embeddable":true,"href":"https:\/\/inscriptions.cu-maghnia.dz\/ar\/wp-json\/wp\/v2\/comments?post=2098"}],"version-history":[{"count":22,"href":"https:\/\/inscriptions.cu-maghnia.dz\/ar\/wp-json\/wp\/v2\/pages\/2098\/revisions"}],"predecessor-version":[{"id":2380,"href":"https:\/\/inscriptions.cu-maghnia.dz\/ar\/wp-json\/wp\/v2\/pages\/2098\/revisions\/2380"}],"wp:attachment":[{"href":"https:\/\/inscriptions.cu-maghnia.dz\/ar\/wp-json\/wp\/v2\/media?parent=2098"}],"curies":[{"name":"wp","href":"https:\/\/api.w.org\/{rel}","templated":true}]}}