{"id":2166,"date":"2025-12-15T14:13:50","date_gmt":"2025-12-15T13:13:50","guid":{"rendered":"https:\/\/inscriptions.cu-maghnia.dz\/?page_id=2166"},"modified":"2025-12-15T14:20:19","modified_gmt":"2025-12-15T13:20:19","slug":"stages-de-mise-a-niveau-a-letranger-pour-le-personnel-administratif","status":"publish","type":"page","link":"https:\/\/inscriptions.cu-maghnia.dz\/ar\/stages-de-mise-a-niveau-a-letranger-pour-le-personnel-administratif\/","title":{"rendered":"Stages de mise \u00e0 niveau \u00e0 l\u2019\u00e9tranger pour le personnel administratif"},"content":{"rendered":"<div data-elementor-type=\"wp-page\" data-elementor-id=\"2166\" class=\"elementor elementor-2166\">\n\t\t\t\t\t\t<section class=\"elementor-section elementor-top-section elementor-element elementor-element-6a8ef4c8 elementor-section-boxed elementor-section-height-default elementor-section-height-default wpr-particle-no wpr-jarallax-no wpr-parallax-no wpr-sticky-section-no\" data-id=\"6a8ef4c8\" data-element_type=\"section\">\n\t\t\t\t\t\t<div class=\"elementor-container elementor-column-gap-default\">\n\t\t\t\t\t<div class=\"elementor-column elementor-col-100 elementor-top-column elementor-element elementor-element-b76035a\" data-id=\"b76035a\" data-element_type=\"column\">\n\t\t\t<div class=\"elementor-widget-wrap elementor-element-populated\">\n\t\t\t\t\t\t<section class=\"elementor-section elementor-inner-section elementor-element elementor-element-7325875c elementor-section-content-middle elementor-section-boxed elementor-section-height-default elementor-section-height-default wpr-particle-no wpr-jarallax-no wpr-parallax-no wpr-sticky-section-no elementor-invisible\" data-id=\"7325875c\" data-element_type=\"section\" data-settings=\"{&quot;background_background&quot;:&quot;classic&quot;,&quot;shape_divider_top&quot;:&quot;tilt&quot;,&quot;shape_divider_bottom&quot;:&quot;tilt&quot;,&quot;animation&quot;:&quot;zoomIn&quot;}\">\n\t\t\t\t\t<div class=\"elementor-shape elementor-shape-top\" aria-hidden=\"true\" data-negative=\"false\">\n\t\t\t<svg xmlns=\"http:\/\/www.w3.org\/2000\/svg\" viewbox=\"0 0 1000 100\" preserveaspectratio=\"none\">\n\t<path class=\"elementor-shape-fill\" d=\"M0,6V0h1000v100L0,6z\"\/>\n<\/svg>\t\t<\/div>\n\t\t\t\t<div class=\"elementor-shape elementor-shape-bottom\" aria-hidden=\"true\" data-negative=\"false\">\n\t\t\t<svg xmlns=\"http:\/\/www.w3.org\/2000\/svg\" viewbox=\"0 0 1000 100\" preserveaspectratio=\"none\">\n\t<path class=\"elementor-shape-fill\" d=\"M0,6V0h1000v100L0,6z\"\/>\n<\/svg>\t\t<\/div>\n\t\t\t\t\t<div class=\"elementor-container elementor-column-gap-default\">\n\t\t\t\t\t<div class=\"elementor-column elementor-col-100 elementor-inner-column elementor-element elementor-element-2f774213\" data-id=\"2f774213\" data-element_type=\"column\">\n\t\t\t<div class=\"elementor-widget-wrap elementor-element-populated\">\n\t\t\t\t\t\t<div class=\"elementor-element elementor-element-56a0545b elementor-widget elementor-widget-heading\" data-id=\"56a0545b\" data-element_type=\"widget\" data-widget_type=\"heading.default\">\n\t\t\t\t<div class=\"elementor-widget-container\">\n\t\t\t\t\t<h2 class=\"elementor-heading-title elementor-size-default\">Documents \u00e0 t\u00e9l\u00e9charger<\/h2>\t\t\t\t<\/div>\n\t\t\t\t<\/div>\n\t\t\t\t<div class=\"elementor-element elementor-element-5505b65 elementor-align-center elementor-widget elementor-widget-embedpres_document\" data-id=\"5505b65\" data-element_type=\"widget\" data-widget_type=\"embedpres_document.default\">\n\t\t\t\t<div class=\"elementor-widget-container\">\n\t\t\t\t\t\n        <div class=\"embedpress-document-embed ep-doc-e7c03a7b6347fd5cbef5f8ac3df395c8 ose-document\" style=\"; max-width:100%; display: inline-block\">\n\n                        <div >\n\n                <div id=\"ep-elementor-content-5505b65\" class=\"ep-elementor-content    ep-content-protection-disabled\">\n                    <div id=\"5505b65\" class=\"ep-embed-content-wraper\">\n                        <div class=\"embedpress-embed-document-pdf embedpress-pdf-5505b65\" data-emid=\"embedpress-pdf-5505b65\" data-embedpress-content=\"70e52f77e236e2803a78f4c6145c890e\" data-embed-type=\"Document\"><div class=\"ep-file-download-option-masked ep-file-doc  enabled-file-download\" data-theme-mode=\"default\" data-id=\"5505b65\"><iframe title=\"\u0627\u0633\u062a\u0645\u0627\u0631\u0629-\u0627\u0644\u062a\u0631\u0634\u062d-\u0645\u0648\u0638\u0641\u064a\u0646\" allowfullscreen=\"true\"  mozallowfullscreen=\"true\" webkitallowfullscreen=\"true\" style=\"; max-width:100%;\" src=\"\/\/view.officeapps.live.com\/op\/embed.aspx?src=https%3A%2F%2Finscriptions.cu-maghnia.dz%2Fwp-content%2Fuploads%2F2025%2F12%2F%D8%A7%D8%B3%D8%AA%D9%85%D8%A7%D8%B1%D8%A9-%D8%A7%D9%84%D8%AA%D8%B1%D8%B4%D8%AD-%D9%85%D9%88%D8%B8%D9%81%D9%8A%D9%86.doc&#038;embedded=true\" sandbox=\"allow-forms allow-modals allow-orientation-lock allow-pointer-lock allow-presentation allow-same-origin allow-scripts allow-top-navigation allow-top-navigation-by-user-activation\">\n                <\/iframe><div style=\"width: 40px; height: 40px; position: absolute; opacity: 0; right: 12px; top: 12px;\"><\/div><div class=\"ep-external-doc-icons\"><div class=\"ep-doc-print-icon\" ><svg xmlns=\"http:\/\/www.w3.org\/2000\/svg\" width=\"25\" height=\"25\" viewbox=\"0 0 24 24\">\n\t\t<path d=\"M19 8H5c-1.66 0-3 1.34-3 3v6h4v4h12v-4h4v-6c0-1.66-1.34-3-3-3zm-3 11H8v-5h8v5zm3-7c-.55 0-1-.45-1-1s.45-1 1-1 1 .45 1 1-.45 1-1 1zm-1-9H6v4h12V3z\" fill=\"#fff\"\/>\n\t\t<\/svg><\/div><div class=\"ep-doc-download-icon\" ><svg width=\"25\" height=\"25\" viewbox=\"0 0 0.6 0.6\" xmlns=\"http:\/\/www.w3.org\/2000\/svg\"><path fill=\"#fff\" fill-rule=\"evenodd\" d=\"M.525.4A.025.025 0 0 1 .55.422v.053A.075.075 0 0 1 .479.55H.125A.075.075 0 0 1 .05.479V.425A.025.025 0 0 1 .1.422v.053A.025.025 0 0 0 .122.5h.353A.025.025 0 0 0 .5.478V.425A.025.025 0 0 1 .525.4ZM.3.05a.025.025 0 0 1 .025.025v.24L.357.283A.025.025 0 0 1 .39.281l.002.002a.025.025 0 0 1 .002.033L.392.318.317.393.316.394.314.395.311.397.308.398.305.399.301.4H.295L.292.399.289.398.287.397.285.395A.025.025 0 0 1 .283.393L.208.318A.025.025 0 0 1 .241.281l.002.002.032.032v-.24A.025.025 0 0 1 .3.05Z\"\/><\/svg><\/div><div class=\"ep-doc-draw-icon\"><svg width=\"20\" height=\"20\" viewbox=\"0 0 24 24\" fill=\"none\" xmlns=\"http:\/\/www.w3.org\/2000\/svg\"><path d=\"m15 7.5 2.5 2.5m-10 10L19.25 8.25c0.69 -0.69 0.69 -1.81 0 -2.5v0c-0.69 -0.69 -1.81 -0.69 -2.5 0L5 17.5V20h2.5Zm0 0h8.379C17.05 20 18 19.05 18 17.879v0c0 -0.563 -0.224 -1.103 -0.621 -1.5L17 16M4.5 5c2 -2 5.5 -1 5.5 1 0 2.5 -6 2.5 -6 5 0 0.876 0.533 1.526 1.226 2\" stroke=\"#fff\" stroke-width=\"2\" stroke-linecap=\"round\" stroke-linejoin=\"round\"\/><\/svg><\/div><div class=\"ep-doc-fullscreen-icon\"><svg width=\"25\" height=\"25\" viewbox=\"0 0 24 24\" xmlns=\"http:\/\/www.w3.org\/2000\/svg\">\n\t\t<path d=\"m3 15 .117.007a1 1 0 0 1 .876.876L4 16v4h4l.117.007a1 1 0 0 1 0 1.986L8 22H3l-.117-.007a1 1 0 0 1-.876-.876L2 21v-5l.007-.117a1 1 0 0 1 .876-.876L3 15Zm18 0a1 1 0 0 1 .993.883L22 16v5a1 1 0 0 1-.883.993L21 22h-5a1 1 0 0 1-.117-1.993L16 20h4v-4a1 1 0 0 1 .883-.993L21 15ZM8 2a1 1 0 0 1 .117 1.993L8 4H4v4a1 1 0 0 1-.883.993L3 9a1 1 0 0 1-.993-.883L2 8V3a1 1 0 0 1 .883-.993L3 2h5Zm13 0 .117.007a1 1 0 0 1 .876.876L22 3v5l-.007.117a1 1 0 0 1-.876.876L21 9l-.117-.007a1 1 0 0 1-.876-.876L20 8V4h-4l-.117-.007a1 1 0 0 1 0-1.986L16 2h5Z\" fill=\"#fff\"\/>\n\t  \t<\/svg><\/div><div class=\"ep-doc-minimize-icon\" style=\"display:none\"><svg xmlns=\"http:\/\/www.w3.org\/2000\/svg\" viewbox=\"0 0 20 20\" style=\"enable-background:new 0 0 385.331 385.331\" xml:space=\"preserve\" width=\"20\" height=\"20\"><path fill=\"#fff\" d=\"M13.751 8.131h5.62c0.355 0 0.619 -0.28 0.619 -0.634 0 -0.355 -0.265 -0.615 -0.619 -0.614h-4.995V1.878c0 -0.355 -0.27 -0.624 -0.624 -0.624s-0.624 0.27 -0.624 0.624v5.62c0 0.002 0.001 0.003 0.001 0.004 0 0.002 -0.001 0.003 -0.001 0.005 0 0.348 0.276 0.625 0.624 0.624zM6.244 1.259c-0.354 0 -0.614 0.265 -0.614 0.619v4.995H0.624c-0.355 0 -0.624 0.27 -0.624 0.624 0 0.355 0.27 0.624 0.624 0.624h5.62c0.002 0 0.003 -0.001 0.004 -0.001 0.002 0 0.003 0.001 0.005 0.001 0.348 0 0.624 -0.276 0.624 -0.624V1.878c0 -0.354 -0.28 -0.619 -0.634 -0.619zm0.005 10.61H0.629c-0.355 0.001 -0.619 0.28 -0.619 0.634 0 0.355 0.265 0.615 0.619 0.614h4.995v5.005c0 0.355 0.27 0.624 0.624 0.624 0.355 0 0.624 -0.27 0.624 -0.624V12.502c0 -0.002 -0.001 -0.003 -0.001 -0.004 0 -0.002 0.001 -0.003 0.001 -0.005 0 -0.348 -0.276 -0.624 -0.624 -0.624zm13.127 0H13.756c-0.002 0 -0.003 0.001 -0.004 0.001 -0.002 0 -0.003 -0.001 -0.005 -0.001 -0.348 0 -0.624 0.276 -0.624 0.624v5.62c0 0.355 0.28 0.619 0.634 0.619 0.354 0.001 0.614 -0.265 0.614 -0.619v-4.995H19.376c0.355 0 0.624 -0.27 0.624 -0.624s-0.27 -0.624 -0.624 -0.625z\"\/><g\/><g\/><g\/><g\/><g\/><g\/><\/svg><\/div><\/div><\/div><\/div>                    <\/div>\n                <\/div>\n                            <\/div>\n        <\/div>\n\n    \t\t\t\t<\/div>\n\t\t\t\t<\/div>\n\t\t\t\t\t<\/div>\n\t\t<\/div>\n\t\t\t\t\t<\/div>\n\t\t<\/section>\n\t\t\t\t\t<\/div>\n\t\t<\/div>\n\t\t\t\t\t<\/div>\n\t\t<\/section>\n\t\t<div class=\"elementor-element elementor-element-5bfef1ba e-flex e-con-boxed wpr-particle-no wpr-jarallax-no wpr-parallax-no wpr-sticky-section-no e-con e-parent\" data-id=\"5bfef1ba\" data-element_type=\"container\">\n\t\t\t\t\t<div class=\"e-con-inner\">\n\t\t\t\t<div class=\"elementor-element elementor-element-62f97d7c elementor-widget elementor-widget-heading\" data-id=\"62f97d7c\" data-element_type=\"widget\" data-widget_type=\"heading.default\">\n\t\t\t\t<div class=\"elementor-widget-container\">\n\t\t\t\t\t<h2 class=\"elementor-heading-title elementor-size-default\">D\u00e9p\u00f4t des dossiers en ligne<\/h2>\t\t\t\t<\/div>\n\t\t\t\t<\/div>\n\t\t\t\t\t<\/div>\n\t\t\t\t<\/div>\n\t\t<div class=\"elementor-element elementor-element-ec16e5d e-flex e-con-boxed wpr-particle-no wpr-jarallax-no wpr-parallax-no wpr-sticky-section-no e-con e-parent\" data-id=\"ec16e5d\" data-element_type=\"container\">\n\t\t\t\t\t<div class=\"e-con-inner\">\n\t\t\t\t<div class=\"elementor-element elementor-element-5400eb13 elementor-widget elementor-widget-shortcode\" data-id=\"5400eb13\" data-element_type=\"widget\" data-widget_type=\"shortcode.default\">\n\t\t\t\t<div class=\"elementor-widget-container\">\n\t\t\t\t\t\t\t<div class=\"elementor-shortcode\"><div class=\"forminator-ui forminator-custom-form forminator-custom-form-2175 forminator-design--default  forminator_ajax\" data-forminator-render=\"0\" data-form=\"forminator-module-2175\" data-uid=\"69e820698206b\"><br\/><\/div><form\n\t\t\t\tid=\"forminator-module-2175\"\n\t\t\t\tclass=\"forminator-ui forminator-custom-form forminator-custom-form-2175 forminator-design--default  forminator_ajax\"\n\t\t\t\tmethod=\"post\"\n\t\t\t\tdata-forminator-render=\"0\"\n\t\t\t\tdata-form-id=\"2175\"\n\t\t\t\tenctype=\"multipart\/form-data\" data-color-option=\"theme\" data-design=\"default\" data-grid=\"open\" style=\"display: none;\"\n\t\t\t\tdata-uid=\"69e820698206b\" action=\"\"\n\t\t\t><div role=\"alert\" aria-live=\"polite\" class=\"forminator-response-message forminator-error\" aria-hidden=\"true\"><\/div><div class=\"forminator-row\"><div id=\"name-1\" class=\"forminator-field-name forminator-col forminator-col-12\"><div class=\"forminator-field\"><label for=\"forminator-field-name-1_69e820698206b\" id=\"forminator-field-name-1_69e820698206b-label\" class=\"forminator-label\">\u0627\u0644\u0627\u0633\u0645 \u0648 \u0627\u0644\u0644\u0642\u0628 <span class=\"forminator-required\">*<\/span><\/label><input type=\"text\" name=\"name-1\" value=\"\" placeholder=\"\" id=\"forminator-field-name-1_69e820698206b\" class=\"forminator-input forminator-name--field\" aria-required=\"true\" autocomplete=\"name\" \/><\/div><\/div><\/div><div class=\"forminator-row\"><div id=\"email-1\" class=\"forminator-field-email forminator-col forminator-col-12\"><div class=\"forminator-field\"><label for=\"forminator-field-email-1_69e820698206b\" id=\"forminator-field-email-1_69e820698206b-label\" class=\"forminator-label\">Adresse \u00e9lectronique professionnelle <span class=\"forminator-required\">*<\/span><\/label><input type=\"email\" name=\"email-1\" value=\"\" placeholder=\"\" id=\"forminator-field-email-1_69e820698206b\" class=\"forminator-input forminator-email--field\" data-required=\"1\" aria-required=\"true\" autocomplete=\"email\" \/><\/div><\/div><\/div><div class=\"forminator-row\"><div id=\"phone-1\" class=\"forminator-field-phone forminator-col forminator-col-12\"><div class=\"forminator-field\"><label for=\"forminator-field-phone-1_69e820698206b\" id=\"forminator-field-phone-1_69e820698206b-label\" class=\"forminator-label\">\u0631\u0642\u0645 \u0627\u0644\u0647\u0627\u062a\u0641 <span class=\"forminator-required\">*<\/span><\/label><input type=\"text\" name=\"phone-1\" value=\"\" placeholder=\"\" id=\"forminator-field-phone-1_69e820698206b\" class=\"forminator-input forminator-field--phone\" data-required=\"1\" aria-required=\"true\" autocomplete=\"off\" \/><\/div><\/div><\/div><div class=\"forminator-row\"><div id=\"section-2\" class=\"forminator-field-section forminator-col forminator-col-12\"><div class=\"forminator-field\"><h2 class=\"forminator-title\">R\u00e8gle de t\u00e9l\u00e9chargement<\/h2><h3 class=\"forminator-subtitle\">Les pi\u00e8ces jointes ne doivent pas d\u00e9passer 16 Mo<\/h3><\/div><\/div><\/div><div class=\"forminator-row\"><div id=\"upload-1\" class=\"forminator-field-upload forminator-col forminator-col-12\"><div class=\"forminator-field\"><label for=\"forminator-field-upload-1_69e820698206b\" id=\"forminator-field-upload-1_69e820698206b-label\" class=\"forminator-label\">Pi\u00e8ces et documents \u00e0 fournir <span class=\"forminator-required\">*<\/span><\/label><div class=\"forminator-file-upload\" data-element=\"upload-1_69e820698206b\"><input type=\"file\" name=\"upload-1\" id=\"forminator-field-upload-1_69e820698206b\" class=\"forminator-input-file-required do-validate\" accept=\".avif,.heif,.heics,.heifs,.svgz,.json,.txt,.lottie,.pdf,.docx,.doc,.docm,.dotx,.dotm\" tabindex=\"-1\"><button id=\"forminator-field-upload-1_69e820698206b_button\" class=\"forminator-button forminator-button-upload\" data-id=\"forminator-field-upload-1_69e820698206b\">Choose File<\/button><span data-empty-text=\"No file chosen\">No file chosen<\/span><button class=\"forminator-button-delete\" style=\"display: none;\"><i class=\"forminator-icon-close\" aria-hidden=\"true\"><\/i><span class=\"forminator-screen-reader-only\">Delete uploaded file<\/span><\/button><\/div><\/div><\/div><\/div><input type=\"hidden\" name=\"referer_url\" value=\"\" \/><div class=\"forminator-row forminator-row-last\"><div class=\"forminator-col\"><div class=\"forminator-field\"><button class=\"forminator-button forminator-button-submit\">\u0625\u0631\u0633\u0627\u0644<\/button><\/div><\/div><\/div><input type=\"hidden\" id=\"forminator_nonce\" name=\"forminator_nonce\" value=\"608bdc8d8c\" \/><input type=\"hidden\" name=\"_wp_http_referer\" value=\"\/ar\/wp-json\/wp\/v2\/pages\/2166\" \/><input type=\"hidden\" name=\"form_id\" value=\"2175\"><input type=\"hidden\" name=\"page_id\" value=\"2166\"><input type=\"hidden\" name=\"form_type\" value=\"default\"><input type=\"hidden\" name=\"current_url\" value=\"https:\/\/inscriptions.cu-maghnia.dz\/ar\/stages-de-mise-a-niveau-a-letranger-pour-le-personnel-administratif\/\"><input type=\"hidden\" name=\"render_id\" value=\"0\"><input type=\"hidden\" name=\"action\" value=\"forminator_submit_form_custom-forms\"><input type=\"hidden\" name=\"trp-form-language\" value=\"ar\"\/><\/form><\/div>\n\t\t\t\t\t\t<\/div>\n\t\t\t\t<\/div>\n\t\t\t\t\t<\/div>\n\t\t\t\t<\/div>\n\t\t\t\t<\/div>","protected":false},"excerpt":{"rendered":"<p>Documents \u00e0 t\u00e9l\u00e9charger D\u00e9p\u00f4t des dossiers en ligne<\/p>","protected":false},"author":1,"featured_media":0,"parent":0,"menu_order":0,"comment_status":"closed","ping_status":"closed","template":"","meta":{"_eb_attr":"","_EventAllDay":false,"_EventTimezone":"","_EventStartDate":"","_EventEndDate":"","_EventStartDateUTC":"","_EventEndDateUTC":"","_EventShowMap":false,"_EventShowMapLink":false,"_EventURL":"","_EventCost":"","_EventCostDescription":"","_EventCurrencySymbol":"","_EventCurrencyCode":"","_EventCurrencyPosition":"","_EventDateTimeSeparator":"","_EventTimeRangeSeparator":"","_EventOrganizerID":[],"_EventVenueID":[],"_OrganizerEmail":"","_OrganizerPhone":"","_OrganizerWebsite":"","_VenueAddress":"","_VenueCity":"","_VenueCountry":"","_VenueProvince":"","_VenueState":"","_VenueZip":"","_VenuePhone":"","_VenueURL":"","_VenueStateProvince":"","_VenueLat":"","_VenueLng":"","_VenueShowMap":false,"_VenueShowMapLink":false,"_kadence_starter_templates_imported_post":false,"_kad_post_transparent":"","_kad_post_title":"hide","_kad_post_layout":"fullwidth","_kad_post_sidebar_id":"","_kad_post_content_style":"unboxed","_kad_post_vertical_padding":"hide","_kad_post_feature":"hide","_kad_post_feature_position":"","_kad_post_header":false,"_kad_post_footer":false,"_kad_post_classname":"","footnotes":""},"class_list":["post-2166","page","type-page","status-publish","hentry"],"_links":{"self":[{"href":"https:\/\/inscriptions.cu-maghnia.dz\/ar\/wp-json\/wp\/v2\/pages\/2166","targetHints":{"allow":["GET"]}}],"collection":[{"href":"https:\/\/inscriptions.cu-maghnia.dz\/ar\/wp-json\/wp\/v2\/pages"}],"about":[{"href":"https:\/\/inscriptions.cu-maghnia.dz\/ar\/wp-json\/wp\/v2\/types\/page"}],"author":[{"embeddable":true,"href":"https:\/\/inscriptions.cu-maghnia.dz\/ar\/wp-json\/wp\/v2\/users\/1"}],"replies":[{"embeddable":true,"href":"https:\/\/inscriptions.cu-maghnia.dz\/ar\/wp-json\/wp\/v2\/comments?post=2166"}],"version-history":[{"count":16,"href":"https:\/\/inscriptions.cu-maghnia.dz\/ar\/wp-json\/wp\/v2\/pages\/2166\/revisions"}],"predecessor-version":[{"id":2188,"href":"https:\/\/inscriptions.cu-maghnia.dz\/ar\/wp-json\/wp\/v2\/pages\/2166\/revisions\/2188"}],"wp:attachment":[{"href":"https:\/\/inscriptions.cu-maghnia.dz\/ar\/wp-json\/wp\/v2\/media?parent=2166"}],"curies":[{"name":"wp","href":"https:\/\/api.w.org\/{rel}","templated":true}]}}